{"id":1192,"date":"2021-12-06T15:19:36","date_gmt":"2021-12-06T15:19:36","guid":{"rendered":"https:\/\/compagniadellatartaruga.it\/home\/?page_id=1192"},"modified":"2024-02-08T14:26:39","modified_gmt":"2024-02-08T14:26:39","slug":"diversita","status":"publish","type":"page","link":"https:\/\/compagniadellatartaruga.it\/home\/diversita\/","title":{"rendered":"Diversit\u00e0"},"content":{"rendered":"\t\t<div data-elementor-type=\"wp-page\" data-elementor-id=\"1192\" class=\"elementor elementor-1192\" data-elementor-settings=\"[]\">\n\t\t\t\t\t\t<div class=\"elementor-inner\">\n\t\t\t\t\t\t\t<div class=\"elementor-section-wrap\">\n\t\t\t\t\t\t\t<section class=\"elementor-section elementor-top-section elementor-element elementor-element-440009a elementor-section-boxed elementor-section-height-default elementor-section-height-default\" data-id=\"440009a\" data-element_type=\"section\" data-settings=\"{&quot;background_background&quot;:&quot;classic&quot;,&quot;shape_divider_bottom&quot;:&quot;wave-brush&quot;}\">\n\t\t\t\t\t<div class=\"elementor-shape elementor-shape-bottom\" data-negative=\"false\">\n\t\t\t<svg xmlns=\"http:\/\/www.w3.org\/2000\/svg\" viewBox=\"0 0 283.5 27.8\" preserveAspectRatio=\"none\">\n\t<path class=\"elementor-shape-fill\" d=\"M283.5,9.7c0,0-7.3,4.3-14,4.6c-6.8,0.3-12.6,0-20.9-1.5c-11.3-2-33.1-10.1-44.7-5.7\ts-12.1,4.6-18,7.4c-6.6,3.2-20,9.6-36.6,9.3C131.6,23.5,99.5,7.2,86.3,8c-1.4,0.1-6.6,0.8-10.5,2c-3.8,1.2-9.4,3.8-17,4.7\tc-3.2,0.4-8.3,1.1-14.2,0.9c-1.5-0.1-6.3-0.4-12-1.6c-5.7-1.2-11-3.1-15.8-3.7C6.5,9.2,0,10.8,0,10.8V0h283.5V9.7z M260.8,11.3\tc-0.7-1-2-0.4-4.3-0.4c-2.3,0-6.1-1.2-5.8-1.1c0.3,0.1,3.1,1.5,6,1.9C259.7,12.2,261.4,12.3,260.8,11.3z M242.4,8.6\tc0,0-2.4-0.2-5.6-0.9c-3.2-0.8-10.3-2.8-15.1-3.5c-8.2-1.1-15.8,0-15.1,0.1c0.8,0.1,9.6-0.6,17.6,1.1c3.3,0.7,9.3,2.2,12.4,2.7\tC239.9,8.7,242.4,8.6,242.4,8.6z M185.2,8.5c1.7-0.7-13.3,4.7-18.5,6.1c-2.1,0.6-6.2,1.6-10,2c-3.9,0.4-8.9,0.4-8.8,0.5\tc0,0.2,5.8,0.8,11.2,0c5.4-0.8,5.2-1.1,7.6-1.6C170.5,14.7,183.5,9.2,185.2,8.5z M199.1,6.9c0.2,0-0.8-0.4-4.8,1.1\tc-4,1.5-6.7,3.5-6.9,3.7c-0.2,0.1,3.5-1.8,6.6-3C197,7.5,199,6.9,199.1,6.9z M283,6c-0.1,0.1-1.9,1.1-4.8,2.5s-6.9,2.8-6.7,2.7\tc0.2,0,3.5-0.6,7.4-2.5C282.8,6.8,283.1,5.9,283,6z M31.3,11.6c0.1-0.2-1.9-0.2-4.5-1.2s-5.4-1.6-7.8-2C15,7.6,7.3,8.5,7.7,8.6\tC8,8.7,15.9,8.3,20.2,9.3c2.2,0.5,2.4,0.5,5.7,1.6S31.2,11.9,31.3,11.6z M73,9.2c0.4-0.1,3.5-1.6,8.4-2.6c4.9-1.1,8.9-0.5,8.9-0.8\tc0-0.3-1-0.9-6.2-0.3S72.6,9.3,73,9.2z M71.6,6.7C71.8,6.8,75,5.4,77.3,5c2.3-0.3,1.9-0.5,1.9-0.6c0-0.1-1.1-0.2-2.7,0.2\tC74.8,5.1,71.4,6.6,71.6,6.7z M93.6,4.4c0.1,0.2,3.5,0.8,5.6,1.8c2.1,1,1.8,0.6,1.9,0.5c0.1-0.1-0.8-0.8-2.4-1.3\tC97.1,4.8,93.5,4.2,93.6,4.4z M65.4,11.1c-0.1,0.3,0.3,0.5,1.9-0.2s2.6-1.3,2.2-1.2s-0.9,0.4-2.5,0.8C65.3,10.9,65.5,10.8,65.4,11.1\tz M34.5,12.4c-0.2,0,2.1,0.8,3.3,0.9c1.2,0.1,2,0.1,2-0.2c0-0.3-0.1-0.5-1.6-0.4C36.6,12.8,34.7,12.4,34.5,12.4z M152.2,21.1\tc-0.1,0.1-2.4-0.3-7.5-0.3c-5,0-13.6-2.4-17.2-3.5c-3.6-1.1,10,3.9,16.5,4.1C150.5,21.6,152.3,21,152.2,21.1z\"\/>\n\t<path class=\"elementor-shape-fill\" d=\"M269.6,18c-0.1-0.1-4.6,0.3-7.2,0c-7.3-0.7-17-3.2-16.6-2.9c0.4,0.3,13.7,3.1,17,3.3\tC267.7,18.8,269.7,18,269.6,18z\"\/>\n\t<path class=\"elementor-shape-fill\" d=\"M227.4,9.8c-0.2-0.1-4.5-1-9.5-1.2c-5-0.2-12.7,0.6-12.3,0.5c0.3-0.1,5.9-1.8,13.3-1.2\tS227.6,9.9,227.4,9.8z\"\/>\n\t<path class=\"elementor-shape-fill\" d=\"M204.5,13.4c-0.1-0.1,2-1,3.2-1.1c1.2-0.1,2,0,2,0.3c0,0.3-0.1,0.5-1.6,0.4\tC206.4,12.9,204.6,13.5,204.5,13.4z\"\/>\n\t<path class=\"elementor-shape-fill\" d=\"M201,10.6c0-0.1-4.4,1.2-6.3,2.2c-1.9,0.9-6.2,3.1-6.1,3.1c0.1,0.1,4.2-1.6,6.3-2.6\tS201,10.7,201,10.6z\"\/>\n\t<path class=\"elementor-shape-fill\" d=\"M154.5,26.7c-0.1-0.1-4.6,0.3-7.2,0c-7.3-0.7-17-3.2-16.6-2.9c0.4,0.3,13.7,3.1,17,3.3\tC152.6,27.5,154.6,26.8,154.5,26.7z\"\/>\n\t<path class=\"elementor-shape-fill\" d=\"M41.9,19.3c0,0,1.2-0.3,2.9-0.1c1.7,0.2,5.8,0.9,8.2,0.7c4.2-0.4,7.4-2.7,7-2.6\tc-0.4,0-4.3,2.2-8.6,1.9c-1.8-0.1-5.1-0.5-6.7-0.4S41.9,19.3,41.9,19.3z\"\/>\n\t<path class=\"elementor-shape-fill\" d=\"M75.5,12.6c0.2,0.1,2-0.8,4.3-1.1c2.3-0.2,2.1-0.3,2.1-0.5c0-0.1-1.8-0.4-3.4,0\tC76.9,11.5,75.3,12.5,75.5,12.6z\"\/>\n\t<path class=\"elementor-shape-fill\" d=\"M15.6,13.2c0-0.1,4.3,0,6.7,0.5c2.4,0.5,5,1.9,5,2c0,0.1-2.7-0.8-5.1-1.4\tC19.9,13.7,15.7,13.3,15.6,13.2z\"\/>\n<\/svg>\t\t<\/div>\n\t\t\t\t\t<div class=\"elementor-container elementor-column-gap-default\">\n\t\t\t\t\t\t\t<div class=\"elementor-row\">\n\t\t\t\t\t<div class=\"elementor-column elementor-col-100 elementor-top-column elementor-element elementor-element-00e4625\" data-id=\"00e4625\" data-element_type=\"column\" data-settings=\"{&quot;background_background&quot;:&quot;classic&quot;,&quot;animation&quot;:&quot;none&quot;}\">\n\t\t\t<div class=\"elementor-column-wrap elementor-element-populated\">\n\t\t\t\t\t\t\t<div class=\"elementor-widget-wrap\">\n\t\t\t\t\t\t<div class=\"elementor-element elementor-element-5fbfc43 elementor-widget elementor-widget-spacer\" data-id=\"5fbfc43\" data-element_type=\"widget\" data-widget_type=\"spacer.default\">\n\t\t\t\t<div class=\"elementor-widget-container\">\n\t\t\t\t\t<div class=\"elementor-spacer\">\n\t\t\t<div class=\"elementor-spacer-inner\"><\/div>\n\t\t<\/div>\n\t\t\t\t<\/div>\n\t\t\t\t<\/div>\n\t\t\t\t<div class=\"elementor-element elementor-element-bfc672b elementor-invisible elementor-widget elementor-widget-image\" data-id=\"bfc672b\" data-element_type=\"widget\" data-settings=\"{&quot;_animation&quot;:&quot;fadeInLeft&quot;}\" data-widget_type=\"image.default\">\n\t\t\t\t<div class=\"elementor-widget-container\">\n\t\t\t\t\t\t\t\t<div class=\"elementor-image\">\n\t\t\t\t\t\t\t\t\t\t\t\t<img loading=\"lazy\" decoding=\"async\" width=\"158\" height=\"158\" src=\"https:\/\/compagniadellatartaruga.it\/home\/wp-content\/uploads\/2021\/03\/valore_5.png\" class=\"attachment-large size-large\" alt=\"\" srcset=\"https:\/\/compagniadellatartaruga.it\/home\/wp-content\/uploads\/2021\/03\/valore_5.png 158w, https:\/\/compagniadellatartaruga.it\/home\/wp-content\/uploads\/2021\/03\/valore_5-150x150.png 150w\" sizes=\"(max-width: 34.9rem) calc(100vw - 2rem), (max-width: 53rem) calc(8 * (100vw \/ 12)), (min-width: 53rem) calc(6 * (100vw \/ 12)), 100vw\" \/>\t\t\t\t\t\t\t\t\t\t\t\t\t\t<\/div>\n\t\t\t\t\t\t<\/div>\n\t\t\t\t<\/div>\n\t\t\t\t<div class=\"elementor-element elementor-element-23c6a83 elementor-widget elementor-widget-heading\" data-id=\"23c6a83\" data-element_type=\"widget\" data-widget_type=\"heading.default\">\n\t\t\t\t<div class=\"elementor-widget-container\">\n\t\t\t<h2 class=\"elementor-heading-title elementor-size-default\">Diversit\u00e0 come valore<\/h2>\t\t<\/div>\n\t\t\t\t<\/div>\n\t\t\t\t<div class=\"elementor-element elementor-element-5410d02 elementor-widget elementor-widget-spacer\" data-id=\"5410d02\" data-element_type=\"widget\" data-widget_type=\"spacer.default\">\n\t\t\t\t<div class=\"elementor-widget-container\">\n\t\t\t\t\t<div class=\"elementor-spacer\">\n\t\t\t<div class=\"elementor-spacer-inner\"><\/div>\n\t\t<\/div>\n\t\t\t\t<\/div>\n\t\t\t\t<\/div>\n\t\t\t\t\t\t<\/div>\n\t\t\t\t\t<\/div>\n\t\t<\/div>\n\t\t\t\t\t\t\t\t<\/div>\n\t\t\t\t\t<\/div>\n\t\t<\/section>\n\t\t\t\t<section class=\"elementor-section elementor-top-section elementor-element elementor-element-84b4ba3 elementor-section-boxed elementor-section-height-default elementor-section-height-default\" data-id=\"84b4ba3\" data-element_type=\"section\" data-settings=\"{&quot;background_background&quot;:&quot;classic&quot;}\">\n\t\t\t\t\t\t<div class=\"elementor-container elementor-column-gap-default\">\n\t\t\t\t\t\t\t<div class=\"elementor-row\">\n\t\t\t\t\t<div class=\"elementor-column elementor-col-50 elementor-top-column elementor-element elementor-element-b200c83\" data-id=\"b200c83\" data-element_type=\"column\">\n\t\t\t<div class=\"elementor-column-wrap elementor-element-populated\">\n\t\t\t\t\t\t\t<div class=\"elementor-widget-wrap\">\n\t\t\t\t\t\t<div class=\"elementor-element elementor-element-36abf20 elementor-widget elementor-widget-text-editor\" data-id=\"36abf20\" data-element_type=\"widget\" data-widget_type=\"text-editor.default\">\n\t\t\t\t<div class=\"elementor-widget-container\">\n\t\t\t\t\t\t\t\t<div class=\"elementor-text-editor elementor-clearfix\">\n\t\t\t\tLa storia della vita sulla Terra ci insegna che la &#8220;diversit\u00e0&#8221; \u00e8 un fattore positivo.\nLa ricchezza della vita, infatti, \u00e8 dovuta alla sua diversit\u00e0: diversit\u00e0 di enzimi, di cellule, di piante, di organismi, di animali.\nAnche per la storia delle idee \u00e8 stato cos\u00ec. La diversit\u00e0 delle culture, delle filosofie, dei modelli, delle strategie e delle invenzioni ha permesso la nascita e lo sviluppo delle varie civilt\u00e0. Quando si parla di individui la diversit\u00e0 per\u00f2 fa paura. Perch\u00e8? Se riflettiamo bene appare logico che, se gli altri sono diversi ai nostri occhi, anche noi saremo diversi agli occhi degli altri. E allora come si fa a stabilire chi \u00e8 normale e chi \u00e8 diverso? \u00c8 possibile apprezzare la diversit\u00e0 solo se viene vista come opportunit\u00e0 e non come un problema, se si capisce che il bello \u00e8 proprio potersi confrontare con persone totalmente diverse da noi per poter apprendere, imparare cose nuove e ampliare le proprie conoscenze.\t\t\t\t\t<\/div>\n\t\t\t\t\t\t<\/div>\n\t\t\t\t<\/div>\n\t\t\t\t\t\t<\/div>\n\t\t\t\t\t<\/div>\n\t\t<\/div>\n\t\t\t\t<div class=\"elementor-column elementor-col-50 elementor-top-column elementor-element elementor-element-67275cd\" data-id=\"67275cd\" data-element_type=\"column\" data-settings=\"{&quot;background_background&quot;:&quot;classic&quot;}\">\n\t\t\t<div class=\"elementor-column-wrap elementor-element-populated\">\n\t\t\t\t\t\t\t<div class=\"elementor-widget-wrap\">\n\t\t\t\t\t\t<div class=\"elementor-element elementor-element-0092a82 elementor-widget elementor-widget-image\" data-id=\"0092a82\" data-element_type=\"widget\" data-widget_type=\"image.default\">\n\t\t\t\t<div class=\"elementor-widget-container\">\n\t\t\t\t\t\t\t\t<div class=\"elementor-image\">\n\t\t\t\t\t\t\t\t\t\t\t\t<img loading=\"lazy\" decoding=\"async\" width=\"640\" height=\"474\" src=\"https:\/\/compagniadellatartaruga.it\/home\/wp-content\/uploads\/2021\/12\/Schermata-2021-12-06-alle-16.47.48.png\" class=\"attachment-large size-large\" alt=\"\" srcset=\"https:\/\/compagniadellatartaruga.it\/home\/wp-content\/uploads\/2021\/12\/Schermata-2021-12-06-alle-16.47.48.png 902w, https:\/\/compagniadellatartaruga.it\/home\/wp-content\/uploads\/2021\/12\/Schermata-2021-12-06-alle-16.47.48-300x222.png 300w, https:\/\/compagniadellatartaruga.it\/home\/wp-content\/uploads\/2021\/12\/Schermata-2021-12-06-alle-16.47.48-768x569.png 768w\" sizes=\"(max-width: 34.9rem) calc(100vw - 2rem), (max-width: 53rem) calc(8 * (100vw \/ 12)), (min-width: 53rem) calc(6 * (100vw \/ 12)), 100vw\" \/>\t\t\t\t\t\t\t\t\t\t\t\t\t\t<\/div>\n\t\t\t\t\t\t<\/div>\n\t\t\t\t<\/div>\n\t\t\t\t\t\t<\/div>\n\t\t\t\t\t<\/div>\n\t\t<\/div>\n\t\t\t\t\t\t\t\t<\/div>\n\t\t\t\t\t<\/div>\n\t\t<\/section>\n\t\t\t\t<section class=\"elementor-section elementor-top-section elementor-element elementor-element-5c06c04 elementor-section-boxed elementor-section-height-default elementor-section-height-default\" data-id=\"5c06c04\" data-element_type=\"section\" data-settings=\"{&quot;background_background&quot;:&quot;classic&quot;}\">\n\t\t\t\t\t\t<div class=\"elementor-container elementor-column-gap-default\">\n\t\t\t\t\t\t\t<div class=\"elementor-row\">\n\t\t\t\t\t<div class=\"elementor-column elementor-col-100 elementor-top-column elementor-element elementor-element-9449d19\" data-id=\"9449d19\" data-element_type=\"column\">\n\t\t\t<div class=\"elementor-column-wrap elementor-element-populated\">\n\t\t\t\t\t\t\t<div class=\"elementor-widget-wrap\">\n\t\t\t\t\t\t<div class=\"elementor-element elementor-element-01c99d9 elementor-widget elementor-widget-spacer\" data-id=\"01c99d9\" data-element_type=\"widget\" data-widget_type=\"spacer.default\">\n\t\t\t\t<div class=\"elementor-widget-container\">\n\t\t\t\t\t<div class=\"elementor-spacer\">\n\t\t\t<div class=\"elementor-spacer-inner\"><\/div>\n\t\t<\/div>\n\t\t\t\t<\/div>\n\t\t\t\t<\/div>\n\t\t\t\t<div class=\"elementor-element elementor-element-21457d6 elementor-align-center elementor-widget elementor-widget-button\" data-id=\"21457d6\" data-element_type=\"widget\" data-widget_type=\"button.default\">\n\t\t\t\t<div class=\"elementor-widget-container\">\n\t\t\t\t\t<div class=\"elementor-button-wrapper\">\n\t\t\t<a href=\"https:\/\/compagniadellatartaruga.it\/home\/\" class=\"elementor-button-link elementor-button elementor-size-sm\" role=\"button\">\n\t\t\t\t\t\t<span class=\"elementor-button-content-wrapper\">\n\t\t\t\t\t\t<span class=\"elementor-button-icon elementor-align-icon-left\">\n\t\t\t\t<i aria-hidden=\"true\" class=\"far fa-arrow-alt-circle-left\"><\/i>\t\t\t<\/span>\n\t\t\t\t\t\t<span class=\"elementor-button-text\">Torna alla home<\/span>\n\t\t<\/span>\n\t\t\t\t\t<\/a>\n\t\t<\/div>\n\t\t\t\t<\/div>\n\t\t\t\t<\/div>\n\t\t\t\t<div class=\"elementor-element elementor-element-c99761d elementor-widget elementor-widget-spacer\" data-id=\"c99761d\" data-element_type=\"widget\" data-widget_type=\"spacer.default\">\n\t\t\t\t<div class=\"elementor-widget-container\">\n\t\t\t\t\t<div class=\"elementor-spacer\">\n\t\t\t<div class=\"elementor-spacer-inner\"><\/div>\n\t\t<\/div>\n\t\t\t\t<\/div>\n\t\t\t\t<\/div>\n\t\t\t\t\t\t<\/div>\n\t\t\t\t\t<\/div>\n\t\t<\/div>\n\t\t\t\t\t\t\t\t<\/div>\n\t\t\t\t\t<\/div>\n\t\t<\/section>\n\t\t\t\t\t\t<\/div>\n\t\t\t\t\t\t<\/div>\n\t\t\t\t\t<\/div>\n\t\t","protected":false},"excerpt":{"rendered":"<p>Diversit\u00e0 come valore La storia della vita sulla Terra ci insegna che la &#8220;diversit\u00e0&#8221; \u00e8 un fattore positivo. La ricchezza della vita, infatti, \u00e8 dovuta alla sua diversit\u00e0: diversit\u00e0 di enzimi, di cellule, di piante, di organismi, di animali. Anche per la storia delle idee \u00e8 stato cos\u00ec. La diversit\u00e0 delle culture, delle filosofie, dei &hellip; <\/p>\n<p class=\"link-more\"><a href=\"https:\/\/compagniadellatartaruga.it\/home\/diversita\/\" class=\"more-link\">Leggi tutto<span class=\"screen-reader-text\"> &#8220;Diversit\u00e0&#8221;<\/span><\/a><\/p>\n","protected":false},"author":1,"featured_media":0,"parent":0,"menu_order":0,"comment_status":"closed","ping_status":"closed","template":"elementor_header_footer","meta":{"footnotes":""},"aioseo_notices":[],"yoast_head":"<!-- This site is optimized with the Yoast SEO plugin v18.7 - https:\/\/yoast.com\/wordpress\/plugins\/seo\/ -->\n<title>Diversit\u00e0 - Compagnia della tartaruga<\/title>\n<meta name=\"robots\" content=\"index, follow, max-snippet:-1, max-image-preview:large, max-video-preview:-1\" \/>\n<link rel=\"canonical\" href=\"https:\/\/compagniadellatartaruga.it\/home\/diversita\/\" \/>\n<meta property=\"og:locale\" content=\"it_IT\" \/>\n<meta property=\"og:type\" content=\"article\" \/>\n<meta property=\"og:title\" content=\"Diversit\u00e0 - Compagnia della tartaruga\" \/>\n<meta property=\"og:description\" content=\"Diversit\u00e0 come valore La storia della vita sulla Terra ci insegna che la &#8220;diversit\u00e0&#8221; \u00e8 un fattore positivo. La ricchezza della vita, infatti, \u00e8 dovuta alla sua diversit\u00e0: diversit\u00e0 di enzimi, di cellule, di piante, di organismi, di animali. Anche per la storia delle idee \u00e8 stato cos\u00ec. La diversit\u00e0 delle culture, delle filosofie, dei &hellip; Leggi tutto &quot;Diversit\u00e0&quot;\" \/>\n<meta property=\"og:url\" content=\"https:\/\/compagniadellatartaruga.it\/home\/diversita\/\" \/>\n<meta property=\"og:site_name\" content=\"Compagnia della tartaruga\" \/>\n<meta property=\"article:modified_time\" content=\"2024-02-08T14:26:39+00:00\" \/>\n<meta property=\"og:image\" content=\"https:\/\/compagniadellatartaruga.it\/home\/wp-content\/uploads\/2021\/03\/valore_5.png\" \/>\n<meta name=\"twitter:card\" content=\"summary_large_image\" \/>\n<meta name=\"twitter:label1\" content=\"Tempo di lettura stimato\" \/>\n\t<meta name=\"twitter:data1\" content=\"2 minuti\" \/>\n<script type=\"application\/ld+json\" class=\"yoast-schema-graph\">{\"@context\":\"https:\/\/schema.org\",\"@graph\":[{\"@type\":\"WebSite\",\"@id\":\"https:\/\/compagniadellatartaruga.it\/home\/#website\",\"url\":\"https:\/\/compagniadellatartaruga.it\/home\/\",\"name\":\"Compagnia della tartaruga\",\"description\":\"\",\"potentialAction\":[{\"@type\":\"SearchAction\",\"target\":{\"@type\":\"EntryPoint\",\"urlTemplate\":\"https:\/\/compagniadellatartaruga.it\/home\/?s={search_term_string}\"},\"query-input\":\"required name=search_term_string\"}],\"inLanguage\":\"it-IT\"},{\"@type\":\"ImageObject\",\"inLanguage\":\"it-IT\",\"@id\":\"https:\/\/compagniadellatartaruga.it\/home\/diversita\/#primaryimage\",\"url\":\"https:\/\/compagniadellatartaruga.it\/home\/wp-content\/uploads\/2021\/03\/valore_5.png\",\"contentUrl\":\"https:\/\/compagniadellatartaruga.it\/home\/wp-content\/uploads\/2021\/03\/valore_5.png\",\"width\":158,\"height\":158},{\"@type\":\"WebPage\",\"@id\":\"https:\/\/compagniadellatartaruga.it\/home\/diversita\/#webpage\",\"url\":\"https:\/\/compagniadellatartaruga.it\/home\/diversita\/\",\"name\":\"Diversit\u00e0 - Compagnia della tartaruga\",\"isPartOf\":{\"@id\":\"https:\/\/compagniadellatartaruga.it\/home\/#website\"},\"primaryImageOfPage\":{\"@id\":\"https:\/\/compagniadellatartaruga.it\/home\/diversita\/#primaryimage\"},\"datePublished\":\"2021-12-06T15:19:36+00:00\",\"dateModified\":\"2024-02-08T14:26:39+00:00\",\"breadcrumb\":{\"@id\":\"https:\/\/compagniadellatartaruga.it\/home\/diversita\/#breadcrumb\"},\"inLanguage\":\"it-IT\",\"potentialAction\":[{\"@type\":\"ReadAction\",\"target\":[\"https:\/\/compagniadellatartaruga.it\/home\/diversita\/\"]}]},{\"@type\":\"BreadcrumbList\",\"@id\":\"https:\/\/compagniadellatartaruga.it\/home\/diversita\/#breadcrumb\",\"itemListElement\":[{\"@type\":\"ListItem\",\"position\":1,\"name\":\"Home\",\"item\":\"https:\/\/compagniadellatartaruga.it\/home\/\"},{\"@type\":\"ListItem\",\"position\":2,\"name\":\"Diversit\u00e0\"}]}]}<\/script>\n<!-- \/ Yoast SEO plugin. -->","yoast_head_json":{"title":"Diversit\u00e0 - Compagnia della tartaruga","robots":{"index":"index","follow":"follow","max-snippet":"max-snippet:-1","max-image-preview":"max-image-preview:large","max-video-preview":"max-video-preview:-1"},"canonical":"https:\/\/compagniadellatartaruga.it\/home\/diversita\/","og_locale":"it_IT","og_type":"article","og_title":"Diversit\u00e0 - Compagnia della tartaruga","og_description":"Diversit\u00e0 come valore La storia della vita sulla Terra ci insegna che la &#8220;diversit\u00e0&#8221; \u00e8 un fattore positivo. La ricchezza della vita, infatti, \u00e8 dovuta alla sua diversit\u00e0: diversit\u00e0 di enzimi, di cellule, di piante, di organismi, di animali. Anche per la storia delle idee \u00e8 stato cos\u00ec. La diversit\u00e0 delle culture, delle filosofie, dei &hellip; Leggi tutto \"Diversit\u00e0\"","og_url":"https:\/\/compagniadellatartaruga.it\/home\/diversita\/","og_site_name":"Compagnia della tartaruga","article_modified_time":"2024-02-08T14:26:39+00:00","og_image":[{"url":"https:\/\/compagniadellatartaruga.it\/home\/wp-content\/uploads\/2021\/03\/valore_5.png"}],"twitter_card":"summary_large_image","twitter_misc":{"Tempo di lettura stimato":"2 minuti"},"schema":{"@context":"https:\/\/schema.org","@graph":[{"@type":"WebSite","@id":"https:\/\/compagniadellatartaruga.it\/home\/#website","url":"https:\/\/compagniadellatartaruga.it\/home\/","name":"Compagnia della tartaruga","description":"","potentialAction":[{"@type":"SearchAction","target":{"@type":"EntryPoint","urlTemplate":"https:\/\/compagniadellatartaruga.it\/home\/?s={search_term_string}"},"query-input":"required name=search_term_string"}],"inLanguage":"it-IT"},{"@type":"ImageObject","inLanguage":"it-IT","@id":"https:\/\/compagniadellatartaruga.it\/home\/diversita\/#primaryimage","url":"https:\/\/compagniadellatartaruga.it\/home\/wp-content\/uploads\/2021\/03\/valore_5.png","contentUrl":"https:\/\/compagniadellatartaruga.it\/home\/wp-content\/uploads\/2021\/03\/valore_5.png","width":158,"height":158},{"@type":"WebPage","@id":"https:\/\/compagniadellatartaruga.it\/home\/diversita\/#webpage","url":"https:\/\/compagniadellatartaruga.it\/home\/diversita\/","name":"Diversit\u00e0 - Compagnia della tartaruga","isPartOf":{"@id":"https:\/\/compagniadellatartaruga.it\/home\/#website"},"primaryImageOfPage":{"@id":"https:\/\/compagniadellatartaruga.it\/home\/diversita\/#primaryimage"},"datePublished":"2021-12-06T15:19:36+00:00","dateModified":"2024-02-08T14:26:39+00:00","breadcrumb":{"@id":"https:\/\/compagniadellatartaruga.it\/home\/diversita\/#breadcrumb"},"inLanguage":"it-IT","potentialAction":[{"@type":"ReadAction","target":["https:\/\/compagniadellatartaruga.it\/home\/diversita\/"]}]},{"@type":"BreadcrumbList","@id":"https:\/\/compagniadellatartaruga.it\/home\/diversita\/#breadcrumb","itemListElement":[{"@type":"ListItem","position":1,"name":"Home","item":"https:\/\/compagniadellatartaruga.it\/home\/"},{"@type":"ListItem","position":2,"name":"Diversit\u00e0"}]}]}},"_links":{"self":[{"href":"https:\/\/compagniadellatartaruga.it\/home\/wp-json\/wp\/v2\/pages\/1192"}],"collection":[{"href":"https:\/\/compagniadellatartaruga.it\/home\/wp-json\/wp\/v2\/pages"}],"about":[{"href":"https:\/\/compagniadellatartaruga.it\/home\/wp-json\/wp\/v2\/types\/page"}],"author":[{"embeddable":true,"href":"https:\/\/compagniadellatartaruga.it\/home\/wp-json\/wp\/v2\/users\/1"}],"replies":[{"embeddable":true,"href":"https:\/\/compagniadellatartaruga.it\/home\/wp-json\/wp\/v2\/comments?post=1192"}],"version-history":[{"count":13,"href":"https:\/\/compagniadellatartaruga.it\/home\/wp-json\/wp\/v2\/pages\/1192\/revisions"}],"predecessor-version":[{"id":5507,"href":"https:\/\/compagniadellatartaruga.it\/home\/wp-json\/wp\/v2\/pages\/1192\/revisions\/5507"}],"wp:attachment":[{"href":"https:\/\/compagniadellatartaruga.it\/home\/wp-json\/wp\/v2\/media?parent=1192"}],"curies":[{"name":"wp","href":"https:\/\/api.w.org\/{rel}","templated":true}]}}